{"id":105,"date":"2025-12-09T23:49:57","date_gmt":"2025-12-09T23:49:57","guid":{"rendered":"https:\/\/minervateam.hu\/?page_id=105"},"modified":"2025-12-11T13:06:47","modified_gmt":"2025-12-11T13:06:47","slug":"ai-projekt","status":"publish","type":"page","link":"https:\/\/minervateam.hu\/index.php\/ai-projekt\/","title":{"rendered":""},"content":{"rendered":"\n<h2 class=\"wp-block-heading\"><strong>Strat\u00e9giai l\u00e9p\u00e9s a Minerva Team Kft.-n\u00e9l: min\u0151s\u00e9gellen\u0151rz\u00e9s mesters\u00e9ges intelligenci\u00e1val<\/strong><\/h2>\n\n\n\n<p><sup><a href=\"#ENG\">Please scroll down to view the English version.<\/a><\/sup><\/p>\n\n\n\n<p>\u00c9vtizedek \u00f3ta elk\u00f6telezetten dolgozunk azon, hogy megb\u00edzhat\u00f3, min\u0151s\u00edtett v\u00e9d\u0151ruh\u00e1zatot<br>gy\u00e1rtsunk nyugat-magyarorsz\u00e1gi \u00fczem\u00fcnkben. Term\u00e9keink min\u0151s\u00e9ge kulcsfontoss\u00e1g\u00fa,<br>azonban az \u00e9vek sor\u00e1n egyre vil\u00e1gosabb\u00e1 v\u00e1lt sz\u00e1munkra, hogy a folyamat bizonyos r\u00e9szei<br>t\u00fals\u00e1gosan id\u0151- \u00e9s munkaig\u00e9nyesek \u00e9s olyan feladatokra k\u00f6tik le munkat\u00e1rsainkat, amelyeket<br>ma m\u00e1r korszer\u0171 technol\u00f3gi\u00e1val is el lehetne v\u00e9gezni. Ez\u00e9rt d\u00f6nt\u00f6tt\u00fcnk \u00fagy, hogy r\u00e9szt<br>vesz\u00fcnk az AIRISE projektben (Eur\u00f3pai Uni\u00f3 Horizon Program), amely lehet\u0151s\u00e9get adott arra,<br>hogy mesters\u00e9ges intelligenci\u00e1ra \u00e9p\u00fcl\u0151 megold\u00e1sokkal korszer\u0171s\u00edts\u00fck m\u0171k\u00f6d\u00e9s\u00fcnket.<br>A min\u0151s\u00e9gellen\u0151rz\u00e9si folyamatunk t\u00f6bb l\u00e9p\u00e9sb\u0151l \u00e1llt, amelyek egy r\u00e9sz\u00e9t manu\u00e1lisan kellett<br>elv\u00e9gezni: a ruhadarabok vizu\u00e1lis vizsg\u00e1lat\u00e1t (m\u00e9ret, \u00f6ssze\u00e1ll\u00edt\u00e1s-, varr\u00e1s min\u0151s\u00e9ge), a<br>term\u00e9kfot\u00f3k k\u00e9sz\u00edt\u00e9s\u00e9t, a m\u00e9rt adatok r\u00f6gz\u00edt\u00e9s\u00e9t \u00e9s dokument\u00e1l\u00e1s\u00e1t. B\u00e1r ezek a feladatok a<br>megb\u00edzhat\u00f3s\u00e1got szolg\u00e1lj\u00e1k, egyben nagy terhet is jelentettek a csapatnak \u00e9s az emberi<br>t\u00e9nyez\u0151 miatt el\u0151fordulhattak benn\u00fck adminisztr\u00e1ci\u00f3s hib\u00e1k. M\u00e1r a projekt elej\u00e9n l\u00e1tszott,<br>hogy a folyamat pontjainak egy r\u00e9sze j\u00f3l automatiz\u00e1lhat\u00f3 \u00e9s ezzel jelent\u0151sen gyors\u00edthatjuk a<br>munka elv\u00e9gz\u00e9s\u00e9t. Mindemellett tehermentes\u00edthetj\u00fck a munkat\u00e1rsainkat is, akik \u00edgy nagyobb<br>hozz\u00e1adott \u00e9rt\u00e9k\u0171 feladatokra \u00f6sszpontos\u00edthatnak.<br>Az AIRISE t\u00e1mogat\u00e1s\u00e1val olyan AI-alap\u00fa rendszert fejlesztett\u00fcnk ki, amely k\u00e9pes \u00e1tvenni a<br>dokument\u00e1ci\u00f3 \u00e9s vizu\u00e1lis ellen\u0151rz\u00e9s egy r\u00e9sz\u00e9t. A ruhadarabok azonos\u00edt\u00e1sa, a fontos<br>term\u00e9kelemek felismer\u00e9se, a fot\u00f3k elk\u00e9sz\u00edt\u00e9se \u00e9s az adatok r\u00f6gz\u00edt\u00e9se mind automatiz\u00e1lt<br>folyamatt\u00e1 v\u00e1lt. A rendszer integr\u00e1lva lett a v\u00e1llalat bels\u0151 ir\u00e1ny\u00edt\u00e1si rendszer\u00e9be, \u00edgy a<br>dokument\u00e1ci\u00f3 imm\u00e1r egyetlen folyamat r\u00e9szek\u00e9nt, gyorsan \u00e9s \u00e1tl\u00e1that\u00f3an k\u00e9sz\u00fcl el. A<br>feladatot elv\u00e9gz\u0151 munkat\u00e1rs szerepe ink\u00e1bb a fel\u00fcgyeletre \u00e9s a d\u00f6nt\u00e9sek meger\u0151s\u00edt\u00e9s\u00e9re<br>helyez\u0151d\u00f6tt \u00e1t, ami k\u00e9nyelmesebb \u00e9s hat\u00e9konyabb munkav\u00e9gz\u00e9st tesz lehet\u0151v\u00e9.<br>A rendszer bevezet\u00e9s\u00e9vel j\u00f3val \u00e1ttekinthet\u0151bb\u00e9 \u00e9s gyorsabb\u00e1 v\u00e1lt a min\u0151s\u00e9gellen\u0151rz\u00e9s<br>folyamata \u00e9s a dokument\u00e1ci\u00f3 automatiz\u00e1l\u00e1s\u00e1val siker\u00fclt jelent\u0151sen cs\u00f6kkenteni a manu\u00e1lis<br>adminisztr\u00e1ci\u00f3b\u00f3l ad\u00f3d\u00f3 hib\u00e1k es\u00e9ly\u00e9t. B\u00edzunk benne, hogy a rendszer hossz\u00fa t\u00e1von m\u00e9g<br>tov\u00e1bb jav\u00edtja majd a min\u0151s\u00e9gbiztos\u00edt\u00e1s egys\u00e9gess\u00e9g\u00e9t \u00e9s megb\u00edzhat\u00f3s\u00e1g\u00e1t, valamint seg\u00edt<br>stabilabb, kisz\u00e1m\u00edthat\u00f3bb gy\u00e1rt\u00e1si folyamatokat kialak\u00edtani. A j\u00f6v\u0151ben a munkat\u00e1rsak egyre<br>ink\u00e1bb olyan feladatokra koncentr\u00e1lhatnak, amelyek val\u00f3ban emberi szak\u00e9rtelmet \u00e9s<br>kreativit\u00e1st ig\u00e9nyelnek. Az \u00faj megold\u00e1s elind\u00edt\u00e1sa er\u0151s alapot teremt a j\u00f6v\u0151beli digit\u00e1lis<br>fejleszt\u00e9sekhez is.<br>Az AIRISE partners\u00e9ggel val\u00f3 egy\u00fcttm\u0171k\u00f6d\u00e9s sz\u00e1munkra azt bizony\u00edtotta, hogy a mesters\u00e9ges<br>intelligencia nem csup\u00e1n a nagyv\u00e1llalatok eszk\u00f6ze: kisebb c\u00e9gek sz\u00e1m\u00e1ra is val\u00f3s seg\u00edts\u00e9get<br>jelenthet a mindennapi folyamatok egyszer\u0171s\u00edt\u00e9s\u00e9ben \u00e9s moderniz\u00e1l\u00e1s\u00e1ban. A Minerva<br>Team sz\u00e1m\u00e1ra ez a projekt fontos m\u00e9rf\u00f6ldk\u0151 volt, amely megmutatta, hogy nyitotts\u00e1ggal \u00e9s<br>innov\u00e1ci\u00f3val hat\u00e9konyabb, fenntarthat\u00f3bb \u00e9s versenyk\u00e9pesebb m\u0171k\u00f6d\u00e9s \u00e9rhet\u0151 el.<\/p>\n\n\n\n<p class=\"is-style-default\"><sup>2025. november<\/sup><\/p>\n\n\n\n<ol start=\"2025\" class=\"wp-block-list\">\n<li><\/li>\n<\/ol>\n\n\n\n<h2 class=\"wp-block-heading\" id=\"ENG\"><strong>Strategic step at Minerva Team: quality control powered by AI<\/strong><\/h2>\n\n\n\n<p>For decades we have been committed to producing reliable, certified protective garments at<br>our manufacturing site in Western Hungary. The quality of our products is essential, yet over<br>the years it became clear that certain parts of our workflow were overly time- and labour-<br>intensive, requiring colleagues to perform tasks that could now be carried out more<br>efficiently with modern technology. This is why we decided to participate in the AIRISE<br>project (European Union Horizon Programme), which gave us the opportunity to modernise<br>our operations with AI-based solutions.<br>Our quality control process consisted of several steps, many of which had to be performed<br>manually: the visual inspection of garments (size, quality, assembly, stitching, etc.), taking<br>photos, recording measurements and documenting the results. Although these tasks<br>ensured reliability, they also placed a significant burden on our team, and administrative<br>errors could occasionally occur. From the very beginning of the project, it was clear that<br>several of these steps were suitable for automation, allowing us to reduce the workload of<br>our employees so they could focus on higher-value tasks.<br>With the support of AIRISE, we developed an AI-based system capable of taking over part of<br>the documentation and visual inspection process. Identifying garments, recognising key<br>elements, capturing photographs and recording data have all become automated tasks. The<br>system has been integrated into the company\u2019s ERP system, making documentation faster,<br>more transparent and part of a unified workflow. The role of our staff has shifted more<br>towards supervision and validation, enabling more comfortable and efficient work.<br>With the introduction of the new solution, the quality control process has become much<br>more streamlined and automating the documentation has significantly reduced the chance<br>of manual administrative errors. We believe that in the long term the system will further<br>improve the consistency and reliability of quality assurance, while helping us establish more<br>stable and predictable production processes. We also hope that our colleagues will<br>increasingly be able to focus on tasks requiring human expertise and creativity, and that this<br>development will lay the foundation for future digital innovations.<br>Our collaboration with the AIRISE partnership has demonstrated to us that artificial<br>intelligence is not only a tool for large corporations: it can provide real support for smaller<br>companies by simplifying and modernising everyday workflows. For Minerva Team this<br>project has been an important milestone, proving that openness and innovation can lead to<br>more efficient, sustainable and competitive operations.<br><\/p>\n\n\n\n<p><sup>November 2025<\/sup><\/p>\n\n\n\n<div class=\"wp-block-group is-nowrap is-layout-flex wp-container-core-group-is-layout-6c531013 wp-block-group-is-layout-flex\">\n<div class=\"wp-block-group has-global-padding is-layout-constrained wp-block-group-is-layout-constrained\">\n<figure class=\"wp-block-image size-large\"><img loading=\"lazy\" decoding=\"async\" width=\"1024\" height=\"759\" src=\"https:\/\/minervateam.hu\/wp-content\/uploads\/2025\/12\/IMG_8318s-1024x759.jpeg\" alt=\"\" class=\"wp-image-128\" srcset=\"https:\/\/minervateam.hu\/wp-content\/uploads\/2025\/12\/IMG_8318s-1024x759.jpeg 1024w, https:\/\/minervateam.hu\/wp-content\/uploads\/2025\/12\/IMG_8318s-300x222.jpeg 300w, https:\/\/minervateam.hu\/wp-content\/uploads\/2025\/12\/IMG_8318s-768x570.jpeg 768w, https:\/\/minervateam.hu\/wp-content\/uploads\/2025\/12\/IMG_8318s-1536x1139.jpeg 1536w, https:\/\/minervateam.hu\/wp-content\/uploads\/2025\/12\/IMG_8318s-2048x1519.jpeg 2048w\" sizes=\"auto, (max-width: 1024px) 100vw, 1024px\" \/><\/figure>\n<\/div>\n\n\n\n<figure class=\"wp-block-image size-large\"><img loading=\"lazy\" decoding=\"async\" width=\"576\" height=\"1024\" src=\"https:\/\/minervateam.hu\/wp-content\/uploads\/2025\/12\/IMG_8299-576x1024.jpeg\" alt=\"\" class=\"wp-image-129\" srcset=\"https:\/\/minervateam.hu\/wp-content\/uploads\/2025\/12\/IMG_8299-576x1024.jpeg 576w, https:\/\/minervateam.hu\/wp-content\/uploads\/2025\/12\/IMG_8299-169x300.jpeg 169w, https:\/\/minervateam.hu\/wp-content\/uploads\/2025\/12\/IMG_8299-768x1365.jpeg 768w, https:\/\/minervateam.hu\/wp-content\/uploads\/2025\/12\/IMG_8299-864x1536.jpeg 864w, https:\/\/minervateam.hu\/wp-content\/uploads\/2025\/12\/IMG_8299-1152x2048.jpeg 1152w, https:\/\/minervateam.hu\/wp-content\/uploads\/2025\/12\/IMG_8299-scaled.jpeg 1440w\" sizes=\"auto, (max-width: 576px) 100vw, 576px\" \/><\/figure>\n<\/div>\n\n\n\n<div class=\"wp-block-group has-global-padding is-layout-constrained wp-block-group-is-layout-constrained\"><\/div>\n\n\n\n<figure class=\"wp-block-image size-large\"><img loading=\"lazy\" decoding=\"async\" width=\"1024\" height=\"215\" src=\"https:\/\/minervateam.hu\/wp-content\/uploads\/2025\/12\/EU-funding-logo-1024x215.jpg\" alt=\"Co-funded by the European Union\" class=\"wp-image-106\" srcset=\"https:\/\/minervateam.hu\/wp-content\/uploads\/2025\/12\/EU-funding-logo-1024x215.jpg 1024w, https:\/\/minervateam.hu\/wp-content\/uploads\/2025\/12\/EU-funding-logo-300x63.jpg 300w, https:\/\/minervateam.hu\/wp-content\/uploads\/2025\/12\/EU-funding-logo-768x161.jpg 768w, https:\/\/minervateam.hu\/wp-content\/uploads\/2025\/12\/EU-funding-logo-1536x322.jpg 1536w, https:\/\/minervateam.hu\/wp-content\/uploads\/2025\/12\/EU-funding-logo-2048x430.jpg 2048w\" sizes=\"auto, (max-width: 1024px) 100vw, 1024px\" \/><\/figure>\n\n\n\n<figure class=\"wp-block-image size-large\"><img loading=\"lazy\" decoding=\"async\" width=\"1024\" height=\"342\" src=\"https:\/\/minervateam.hu\/wp-content\/uploads\/2025\/12\/AIRISE-logo-1024x342.png\" alt=\"airise.eu\" class=\"wp-image-107\" srcset=\"https:\/\/minervateam.hu\/wp-content\/uploads\/2025\/12\/AIRISE-logo-1024x342.png 1024w, https:\/\/minervateam.hu\/wp-content\/uploads\/2025\/12\/AIRISE-logo-300x100.png 300w, https:\/\/minervateam.hu\/wp-content\/uploads\/2025\/12\/AIRISE-logo-768x256.png 768w, https:\/\/minervateam.hu\/wp-content\/uploads\/2025\/12\/AIRISE-logo.png 1210w\" sizes=\"auto, (max-width: 1024px) 100vw, 1024px\" \/><\/figure>\n","protected":false},"excerpt":{"rendered":"<p>Strat\u00e9giai l\u00e9p\u00e9s a Minerva Team Kft.-n\u00e9l: min\u0151s\u00e9gellen\u0151rz\u00e9s mesters\u00e9ges intelligenci\u00e1val Please scroll down to view the English version. \u00c9vtizedek \u00f3ta elk\u00f6telezetten dolgozunk azon, hogy megb\u00edzhat\u00f3, min\u0151s\u00edtett v\u00e9d\u0151ruh\u00e1zatotgy\u00e1rtsunk nyugat-magyarorsz\u00e1gi \u00fczem\u00fcnkben. Term\u00e9keink min\u0151s\u00e9ge kulcsfontoss\u00e1g\u00fa,azonban az \u00e9vek sor\u00e1n egyre vil\u00e1gosabb\u00e1 v\u00e1lt sz\u00e1munkra, hogy a folyamat bizonyos r\u00e9szeit\u00fals\u00e1gosan id\u0151- \u00e9s munkaig\u00e9nyesek \u00e9s olyan feladatokra k\u00f6tik le munkat\u00e1rsainkat, amelyeketma m\u00e1r korszer\u0171 [&hellip;]<\/p>\n","protected":false},"author":1,"featured_media":0,"parent":0,"menu_order":0,"comment_status":"closed","ping_status":"closed","template":"","meta":{"footnotes":""},"class_list":["post-105","page","type-page","status-publish","hentry"],"_links":{"self":[{"href":"https:\/\/minervateam.hu\/index.php\/wp-json\/wp\/v2\/pages\/105","targetHints":{"allow":["GET"]}}],"collection":[{"href":"https:\/\/minervateam.hu\/index.php\/wp-json\/wp\/v2\/pages"}],"about":[{"href":"https:\/\/minervateam.hu\/index.php\/wp-json\/wp\/v2\/types\/page"}],"author":[{"embeddable":true,"href":"https:\/\/minervateam.hu\/index.php\/wp-json\/wp\/v2\/users\/1"}],"replies":[{"embeddable":true,"href":"https:\/\/minervateam.hu\/index.php\/wp-json\/wp\/v2\/comments?post=105"}],"version-history":[{"count":11,"href":"https:\/\/minervateam.hu\/index.php\/wp-json\/wp\/v2\/pages\/105\/revisions"}],"predecessor-version":[{"id":130,"href":"https:\/\/minervateam.hu\/index.php\/wp-json\/wp\/v2\/pages\/105\/revisions\/130"}],"wp:attachment":[{"href":"https:\/\/minervateam.hu\/index.php\/wp-json\/wp\/v2\/media?parent=105"}],"curies":[{"name":"wp","href":"https:\/\/api.w.org\/{rel}","templated":true}]}}